{"id":276,"date":"2023-04-20T11:12:22","date_gmt":"2023-04-20T09:12:22","guid":{"rendered":"https:\/\/www.studiocyme.com\/?page_id=276"},"modified":"2026-01-12T10:53:17","modified_gmt":"2026-01-12T09:53:17","slug":"studio","status":"publish","type":"page","link":"https:\/\/www.studiocyme.com\/en\/portfolio\/studio\/","title":{"rendered":"Custom projects"},"content":{"rendered":"<div class=\"wp-block-group alignwide is-vertical is-content-justification-center is-layout-flex wp-container-core-group-is-layout-ce155fab wp-block-group-is-layout-flex\"><nav class=\"wp-block-navigation is-layout-flex wp-block-navigation-is-layout-flex\" aria-label=\"ALL\"><ul class=\"wp-block-navigation__container  wp-block-navigation\"><li class=\"wp-block-navigation-item wp-block-navigation-link\"><a class=\"wp-block-navigation-item__content\"  href=\"https:\/\/www.studiocyme.com\/en\/portfolio\/\"><span class=\"wp-block-navigation-item__label\">All<\/span><\/a><\/li><li class=\"wp-block-navigation-item wp-block-navigation-link\"><a class=\"wp-block-navigation-item__content\"  href=\"https:\/\/www.studiocyme.com\/en\/portfolio\/studio\/\"><span class=\"wp-block-navigation-item__label\">Custom projects<\/span><\/a><\/li><li class=\"wp-block-navigation-item wp-block-navigation-link\"><a class=\"wp-block-navigation-item__content\"  href=\"https:\/\/www.studiocyme.com\/en\/portfolio\/collections\/\"><span class=\"wp-block-navigation-item__label\">Collections<\/span><\/a><\/li><\/ul><\/nav>\n\n\n<p>Our textile and surface design studio provides creative support for the development of your collections. We intervene from the trend research stage to the creation of complete prints collections up to the production follow-up. We bring a unique touch to your products through the creation of personalized patterns tailored to your needs. Since 2015, we have partnered with numerous brands on custom projects. Here are some examples of these beautiful partnerships.<\/p>\n\n\n<div class=\"portfolio alignfull show_all\"><a class=\"project-item\" href=\"https:\/\/www.studiocyme.com\/en\/projet\/clairefontaine-2\/\" title=\"Voir\"><div class=\"view\"><\/div><div class=\"project-img\"><img loading=\"lazy\" decoding=\"async\" width=\"300\" height=\"300\" src=\"https:\/\/www.studiocyme.com\/wp-content\/uploads\/2025\/05\/Cyme-clairefontaine-dolceamore-3-300x300.jpg\" class=\"attachment-cyme-list size-cyme-list\" alt=\"\" srcset=\"https:\/\/www.studiocyme.com\/wp-content\/uploads\/2025\/05\/Cyme-clairefontaine-dolceamore-3-300x300.jpg 300w, https:\/\/www.studiocyme.com\/wp-content\/uploads\/2025\/05\/Cyme-clairefontaine-dolceamore-3-150x150.jpg 150w\" sizes=\"auto, (max-width: 300px) 100vw, 300px\" \/><\/div><div class=\"infos\"><div class=\"title\">Clairefontaine<\/div><div class=\"subtitle\"><span class=\"tag\">Home<\/span><span class=\"season\">SS 25<\/span><\/div><\/div><\/a><a class=\"project-item\" href=\"https:\/\/www.studiocyme.com\/en\/projet\/kiabi-home\/\" title=\"Voir\"><div class=\"view\"><\/div><div class=\"project-img\"><img loading=\"lazy\" decoding=\"async\" width=\"300\" height=\"300\" src=\"https:\/\/www.studiocyme.com\/wp-content\/uploads\/2025\/05\/parure-de-lit-2-personnes-260-x-240-cm-en-coton-kiabi-home-rose-che80_1_hd7-300x300.webp\" class=\"attachment-cyme-list size-cyme-list\" alt=\"\" srcset=\"https:\/\/www.studiocyme.com\/wp-content\/uploads\/2025\/05\/parure-de-lit-2-personnes-260-x-240-cm-en-coton-kiabi-home-rose-che80_1_hd7-300x300.webp 300w, https:\/\/www.studiocyme.com\/wp-content\/uploads\/2025\/05\/parure-de-lit-2-personnes-260-x-240-cm-en-coton-kiabi-home-rose-che80_1_hd7-150x150.webp 150w\" sizes=\"auto, (max-width: 300px) 100vw, 300px\" \/><\/div><div class=\"infos\"><div class=\"title\">Kiabi home<\/div><div class=\"subtitle\"><span class=\"tag\">Home<\/span><span class=\"season\">FW 24-25<\/span><\/div><\/div><\/a><a class=\"project-item\" href=\"https:\/\/www.studiocyme.com\/en\/projet\/kiabi\/\" title=\"Voir\"><div class=\"view\"><\/div><div class=\"project-img\"><img loading=\"lazy\" decoding=\"async\" width=\"300\" height=\"300\" src=\"https:\/\/www.studiocyme.com\/wp-content\/uploads\/2025\/05\/dors-bien-chaud-imprime-blanc-cdg92_1_frb1.jpg-300x300.webp\" class=\"attachment-cyme-list size-cyme-list\" alt=\"\" srcset=\"https:\/\/www.studiocyme.com\/wp-content\/uploads\/2025\/05\/dors-bien-chaud-imprime-blanc-cdg92_1_frb1.jpg-300x300.webp 300w, https:\/\/www.studiocyme.com\/wp-content\/uploads\/2025\/05\/dors-bien-chaud-imprime-blanc-cdg92_1_frb1.jpg-150x150.webp 150w\" sizes=\"auto, (max-width: 300px) 100vw, 300px\" \/><\/div><div class=\"infos\"><div class=\"title\">Kiabi<\/div><div class=\"subtitle\"><span class=\"tag\">Home<\/span><span class=\"season\">FW 24-25<\/span><\/div><\/div><\/a><a class=\"project-item\" href=\"https:\/\/www.studiocyme.com\/en\/projet\/qwetch-3\/\" title=\"Voir\"><div class=\"view\"><\/div><div class=\"project-img\"><img loading=\"lazy\" decoding=\"async\" width=\"300\" height=\"300\" src=\"https:\/\/www.studiocyme.com\/wp-content\/uploads\/2024\/07\/Capture-decran-2024-05-15-a-16.53.28-300x300.png\" class=\"attachment-cyme-list size-cyme-list\" alt=\"\" srcset=\"https:\/\/www.studiocyme.com\/wp-content\/uploads\/2024\/07\/Capture-decran-2024-05-15-a-16.53.28-300x300.png 300w, https:\/\/www.studiocyme.com\/wp-content\/uploads\/2024\/07\/Capture-decran-2024-05-15-a-16.53.28-150x150.png 150w\" sizes=\"auto, (max-width: 300px) 100vw, 300px\" \/><\/div><div class=\"infos\"><div class=\"title\">Qwetch<\/div><div class=\"subtitle\"><span class=\"tag\">Home<\/span><span class=\"season\">SS 24<\/span><\/div><\/div><\/a><a class=\"project-item\" href=\"https:\/\/www.studiocyme.com\/en\/projet\/loir-paris-4\/\" title=\"Voir\"><div class=\"view\"><\/div><div class=\"project-img\"><img loading=\"lazy\" decoding=\"async\" width=\"300\" height=\"300\" src=\"https:\/\/www.studiocyme.com\/wp-content\/uploads\/2024\/06\/Captured_ecran2024-02-16a10.41.26-300x300.jpeg\" class=\"attachment-cyme-list size-cyme-list\" alt=\"\" srcset=\"https:\/\/www.studiocyme.com\/wp-content\/uploads\/2024\/06\/Captured_ecran2024-02-16a10.41.26-300x300.jpeg 300w, https:\/\/www.studiocyme.com\/wp-content\/uploads\/2024\/06\/Captured_ecran2024-02-16a10.41.26-150x150.jpeg 150w, https:\/\/www.studiocyme.com\/wp-content\/uploads\/2024\/06\/Captured_ecran2024-02-16a10.41.26-768x768.jpeg 768w, https:\/\/www.studiocyme.com\/wp-content\/uploads\/2024\/06\/Captured_ecran2024-02-16a10.41.26-12x12.jpeg 12w, https:\/\/www.studiocyme.com\/wp-content\/uploads\/2024\/06\/Captured_ecran2024-02-16a10.41.26.jpeg 800w\" sizes=\"auto, (max-width: 300px) 100vw, 300px\" \/><\/div><div class=\"infos\"><div class=\"title\">Loir Paris<\/div><div class=\"subtitle\"><span class=\"tag\">Kid<\/span><span class=\"season\">SS 24<\/span><\/div><\/div><\/a><a class=\"project-item\" href=\"https:\/\/www.studiocyme.com\/en\/projet\/rosae-paris\/\" title=\"Voir\"><div class=\"view\"><\/div><div class=\"project-img\"><img loading=\"lazy\" decoding=\"async\" width=\"300\" height=\"300\" src=\"https:\/\/www.studiocyme.com\/wp-content\/uploads\/2024\/06\/LeNestorAnimaeJacquardFrancais-3-300x300.jpg\" class=\"attachment-cyme-list size-cyme-list\" alt=\"\" srcset=\"https:\/\/www.studiocyme.com\/wp-content\/uploads\/2024\/06\/LeNestorAnimaeJacquardFrancais-3-300x300.jpg 300w, https:\/\/www.studiocyme.com\/wp-content\/uploads\/2024\/06\/LeNestorAnimaeJacquardFrancais-3-150x150.jpg 150w\" sizes=\"auto, (max-width: 300px) 100vw, 300px\" \/><\/div><div class=\"infos\"><div class=\"title\">Rosae Paris<\/div><div class=\"subtitle\"><span class=\"tag\">Women<\/span><span class=\"season\">FW22-23<\/span><\/div><\/div><\/a><a class=\"project-item\" href=\"https:\/\/www.studiocyme.com\/en\/projet\/schmidt\/\" title=\"Voir\"><div class=\"view\"><\/div><div class=\"project-img\"><img loading=\"lazy\" decoding=\"async\" width=\"300\" height=\"300\" src=\"https:\/\/www.studiocyme.com\/wp-content\/uploads\/2023\/04\/botanic-coral-300x300.jpeg\" class=\"attachment-cyme-list size-cyme-list\" alt=\"\" srcset=\"https:\/\/www.studiocyme.com\/wp-content\/uploads\/2023\/04\/botanic-coral-300x300.jpeg 300w, https:\/\/www.studiocyme.com\/wp-content\/uploads\/2023\/04\/botanic-coral-150x150.jpeg 150w\" sizes=\"auto, (max-width: 300px) 100vw, 300px\" \/><\/div><div class=\"infos\"><div class=\"title\">Schmidt<\/div><div class=\"subtitle\"><span class=\"tag\">Home<\/span><span class=\"season\">FW22-23<\/span><\/div><\/div><\/a><a class=\"project-item\" href=\"https:\/\/www.studiocyme.com\/en\/projet\/indira-de-paris\/\" title=\"Voir\"><div class=\"view\"><\/div><div class=\"project-img\"><img loading=\"lazy\" decoding=\"async\" width=\"300\" height=\"300\" src=\"https:\/\/www.studiocyme.com\/wp-content\/uploads\/2023\/04\/CYME_copyright-INDIRA-photo1-copie-300x300.jpg\" class=\"attachment-cyme-list size-cyme-list\" alt=\"\" srcset=\"https:\/\/www.studiocyme.com\/wp-content\/uploads\/2023\/04\/CYME_copyright-INDIRA-photo1-copie-300x300.jpg 300w, https:\/\/www.studiocyme.com\/wp-content\/uploads\/2023\/04\/CYME_copyright-INDIRA-photo1-copie-1024x1024.jpg 1024w, https:\/\/www.studiocyme.com\/wp-content\/uploads\/2023\/04\/CYME_copyright-INDIRA-photo1-copie-150x150.jpg 150w, https:\/\/www.studiocyme.com\/wp-content\/uploads\/2023\/04\/CYME_copyright-INDIRA-photo1-copie-768x769.jpg 768w, https:\/\/www.studiocyme.com\/wp-content\/uploads\/2023\/04\/CYME_copyright-INDIRA-photo1-copie-1534x1536.jpg 1534w, https:\/\/www.studiocyme.com\/wp-content\/uploads\/2023\/04\/CYME_copyright-INDIRA-photo1-copie-2045x2048.jpg 2045w\" sizes=\"auto, (max-width: 300px) 100vw, 300px\" \/><\/div><div class=\"infos\"><div class=\"title\">Indira de Paris<\/div><div class=\"subtitle\"><span class=\"tag\">Women<\/span><span class=\"season\">FW22-23<\/span><\/div><\/div><\/a><a class=\"project-item\" href=\"https:\/\/www.studiocyme.com\/en\/projet\/love-design-company\/\" title=\"Voir\"><div class=\"view\"><\/div><div class=\"project-img\"><img loading=\"lazy\" decoding=\"async\" width=\"300\" height=\"300\" src=\"https:\/\/www.studiocyme.com\/wp-content\/uploads\/2023\/05\/Cyme_imprime_figuratif-300x300.jpg\" class=\"attachment-cyme-list size-cyme-list\" alt=\"\" srcset=\"https:\/\/www.studiocyme.com\/wp-content\/uploads\/2023\/05\/Cyme_imprime_figuratif-300x300.jpg 300w, https:\/\/www.studiocyme.com\/wp-content\/uploads\/2023\/05\/Cyme_imprime_figuratif-150x150.jpg 150w\" sizes=\"auto, (max-width: 300px) 100vw, 300px\" \/><\/div><div class=\"infos\"><div class=\"title\">Love Design Company<\/div><div class=\"subtitle\"><span class=\"tag\">Women<\/span><span class=\"season\">SS22<\/span><\/div><\/div><\/a><a class=\"project-item\" href=\"https:\/\/www.studiocyme.com\/en\/projet\/maisons-du-monde\/\" title=\"Voir\"><div class=\"view\"><\/div><div class=\"project-img\"><img loading=\"lazy\" decoding=\"async\" width=\"300\" height=\"300\" src=\"https:\/\/www.studiocyme.com\/wp-content\/uploads\/2023\/04\/Decor-Tanger-11mai-300x300.jpg\" class=\"attachment-cyme-list size-cyme-list\" alt=\"\" srcset=\"https:\/\/www.studiocyme.com\/wp-content\/uploads\/2023\/04\/Decor-Tanger-11mai-300x300.jpg 300w, https:\/\/www.studiocyme.com\/wp-content\/uploads\/2023\/04\/Decor-Tanger-11mai-150x150.jpg 150w\" sizes=\"auto, (max-width: 300px) 100vw, 300px\" \/><\/div><div class=\"infos\"><div class=\"title\">Maisons du Monde<\/div><div class=\"subtitle\"><span class=\"tag\">Home<\/span><span class=\"season\">SS22<\/span><\/div><\/div><\/a><a class=\"project-item\" href=\"https:\/\/www.studiocyme.com\/en\/projet\/papinelle-2\/\" title=\"Voir\"><div class=\"view\"><\/div><div class=\"project-img\"><img loading=\"lazy\" decoding=\"async\" width=\"300\" height=\"300\" src=\"https:\/\/www.studiocyme.com\/wp-content\/uploads\/2023\/05\/CheriBlossomNavy-PJ-Lifestyle-001_772x1012-300x300.jpg\" class=\"attachment-cyme-list size-cyme-list\" alt=\"\" srcset=\"https:\/\/www.studiocyme.com\/wp-content\/uploads\/2023\/05\/CheriBlossomNavy-PJ-Lifestyle-001_772x1012-300x300.jpg 300w, https:\/\/www.studiocyme.com\/wp-content\/uploads\/2023\/05\/CheriBlossomNavy-PJ-Lifestyle-001_772x1012-150x150.jpg 150w\" sizes=\"auto, (max-width: 300px) 100vw, 300px\" \/><\/div><div class=\"infos\"><div class=\"title\">Papinelle<\/div><div class=\"subtitle\"><span class=\"tag\">Women<\/span><span class=\"season\">SS22<\/span><\/div><\/div><\/a><a class=\"project-item\" href=\"https:\/\/www.studiocyme.com\/en\/projet\/impression-originale\/\" title=\"Voir\"><div class=\"view\"><\/div><div class=\"project-img\"><img loading=\"lazy\" decoding=\"async\" width=\"300\" height=\"300\" src=\"https:\/\/www.studiocyme.com\/wp-content\/uploads\/2023\/04\/Impression-Orginale-7-300x300.jpg\" class=\"attachment-cyme-list size-cyme-list\" alt=\"\" srcset=\"https:\/\/www.studiocyme.com\/wp-content\/uploads\/2023\/04\/Impression-Orginale-7-300x300.jpg 300w, https:\/\/www.studiocyme.com\/wp-content\/uploads\/2023\/04\/Impression-Orginale-7-1022x1024.jpg 1022w, https:\/\/www.studiocyme.com\/wp-content\/uploads\/2023\/04\/Impression-Orginale-7-150x150.jpg 150w, https:\/\/www.studiocyme.com\/wp-content\/uploads\/2023\/04\/Impression-Orginale-7-768x770.jpg 768w, https:\/\/www.studiocyme.com\/wp-content\/uploads\/2023\/04\/Impression-Orginale-7-1533x1536.jpg 1533w, https:\/\/www.studiocyme.com\/wp-content\/uploads\/2023\/04\/Impression-Orginale-7-2043x2048.jpg 2043w\" sizes=\"auto, (max-width: 300px) 100vw, 300px\" \/><\/div><div class=\"infos\"><div class=\"title\">Impression Originale<\/div><div class=\"subtitle\"><span class=\"tag\">Home<\/span><span class=\"season\">FW21-22<\/span><\/div><\/div><\/a><a class=\"project-item\" href=\"https:\/\/www.studiocyme.com\/en\/projet\/atelier-devergne\/\" title=\"Voir\"><div class=\"view\"><\/div><div class=\"project-img\"><img loading=\"lazy\" decoding=\"async\" width=\"300\" height=\"300\" src=\"https:\/\/www.studiocyme.com\/wp-content\/uploads\/2023\/04\/collab-cyme-maison-devergne-collab6-300x300.jpg\" class=\"attachment-cyme-list size-cyme-list\" alt=\"\" srcset=\"https:\/\/www.studiocyme.com\/wp-content\/uploads\/2023\/04\/collab-cyme-maison-devergne-collab6-300x300.jpg 300w, https:\/\/www.studiocyme.com\/wp-content\/uploads\/2023\/04\/collab-cyme-maison-devergne-collab6-1024x1024.jpg 1024w, https:\/\/www.studiocyme.com\/wp-content\/uploads\/2023\/04\/collab-cyme-maison-devergne-collab6-150x150.jpg 150w, https:\/\/www.studiocyme.com\/wp-content\/uploads\/2023\/04\/collab-cyme-maison-devergne-collab6-768x769.jpg 768w, https:\/\/www.studiocyme.com\/wp-content\/uploads\/2023\/04\/collab-cyme-maison-devergne-collab6-1534x1536.jpg 1534w, https:\/\/www.studiocyme.com\/wp-content\/uploads\/2023\/04\/collab-cyme-maison-devergne-collab6-2045x2048.jpg 2045w\" sizes=\"auto, (max-width: 300px) 100vw, 300px\" \/><\/div><div class=\"infos\"><div class=\"title\">Atelier Devergne<\/div><div class=\"subtitle\"><span class=\"tag\">Home<\/span><span class=\"season\">FW21-22<\/span><\/div><\/div><\/a><a class=\"project-item\" href=\"https:\/\/www.studiocyme.com\/en\/projet\/loir-paris\/\" title=\"Voir\"><div class=\"view\"><\/div><div class=\"project-img\"><img loading=\"lazy\" decoding=\"async\" width=\"300\" height=\"300\" src=\"https:\/\/www.studiocyme.com\/wp-content\/uploads\/2023\/04\/Blason-Loir-Cyme-2-300x300.jpg\" class=\"attachment-cyme-list size-cyme-list\" alt=\"\" srcset=\"https:\/\/www.studiocyme.com\/wp-content\/uploads\/2023\/04\/Blason-Loir-Cyme-2-300x300.jpg 300w, https:\/\/www.studiocyme.com\/wp-content\/uploads\/2023\/04\/Blason-Loir-Cyme-2-1024x1024.jpg 1024w, https:\/\/www.studiocyme.com\/wp-content\/uploads\/2023\/04\/Blason-Loir-Cyme-2-150x150.jpg 150w, https:\/\/www.studiocyme.com\/wp-content\/uploads\/2023\/04\/Blason-Loir-Cyme-2-768x767.jpg 768w, https:\/\/www.studiocyme.com\/wp-content\/uploads\/2023\/04\/Blason-Loir-Cyme-2-1536x1536.jpg 1536w, https:\/\/www.studiocyme.com\/wp-content\/uploads\/2023\/04\/Blason-Loir-Cyme-2-2048x2046.jpg 2048w\" sizes=\"auto, (max-width: 300px) 100vw, 300px\" \/><\/div><div class=\"infos\"><div class=\"title\">Loir Paris<\/div><div class=\"subtitle\"><span class=\"tag\">Kid<\/span><span class=\"season\">FW21-22<\/span><\/div><\/div><\/a><a class=\"project-item\" href=\"https:\/\/www.studiocyme.com\/en\/projet\/papinelle-3\/\" title=\"Voir\"><div class=\"view\"><\/div><div class=\"project-img\"><img loading=\"lazy\" decoding=\"async\" width=\"300\" height=\"300\" src=\"https:\/\/www.studiocyme.com\/wp-content\/uploads\/2023\/04\/Yasta6Vc-300x300.jpeg\" class=\"attachment-cyme-list size-cyme-list\" alt=\"\" srcset=\"https:\/\/www.studiocyme.com\/wp-content\/uploads\/2023\/04\/Yasta6Vc-300x300.jpeg 300w, https:\/\/www.studiocyme.com\/wp-content\/uploads\/2023\/04\/Yasta6Vc-150x150.jpeg 150w\" sizes=\"auto, (max-width: 300px) 100vw, 300px\" \/><\/div><div class=\"infos\"><div class=\"title\">Papinelle<\/div><div class=\"subtitle\"><span class=\"tag\">Women<\/span><span class=\"season\">SS21<\/span><\/div><\/div><\/a><a class=\"project-item\" href=\"https:\/\/www.studiocyme.com\/en\/projet\/loir-paris-3\/\" title=\"Voir\"><div class=\"view\"><\/div><div class=\"project-img\"><img loading=\"lazy\" decoding=\"async\" width=\"300\" height=\"300\" src=\"https:\/\/www.studiocyme.com\/wp-content\/uploads\/2023\/04\/Capture-decran-2020-04-27-a-16-07-47-300x300.png\" class=\"attachment-cyme-list size-cyme-list\" alt=\"\" srcset=\"https:\/\/www.studiocyme.com\/wp-content\/uploads\/2023\/04\/Capture-decran-2020-04-27-a-16-07-47-300x300.png 300w, https:\/\/www.studiocyme.com\/wp-content\/uploads\/2023\/04\/Capture-decran-2020-04-27-a-16-07-47-150x150.png 150w\" sizes=\"auto, (max-width: 300px) 100vw, 300px\" \/><\/div><div class=\"infos\"><div class=\"title\">Loir Paris<\/div><div class=\"subtitle\"><span class=\"tag\">Kid<\/span><span class=\"season\">SS21<\/span><\/div><\/div><\/a><a class=\"project-item\" href=\"https:\/\/www.studiocyme.com\/en\/projet\/the-kooples\/\" title=\"Voir\"><div class=\"view\"><\/div><div class=\"project-img\"><img loading=\"lazy\" decoding=\"async\" width=\"300\" height=\"300\" src=\"https:\/\/www.studiocyme.com\/wp-content\/uploads\/2023\/04\/FK15DYLAN301BLA06_D-300x300.jpg\" class=\"attachment-cyme-list size-cyme-list\" alt=\"\" srcset=\"https:\/\/www.studiocyme.com\/wp-content\/uploads\/2023\/04\/FK15DYLAN301BLA06_D-300x300.jpg 300w, https:\/\/www.studiocyme.com\/wp-content\/uploads\/2023\/04\/FK15DYLAN301BLA06_D-150x150.jpg 150w\" sizes=\"auto, (max-width: 300px) 100vw, 300px\" \/><\/div><div class=\"infos\"><div class=\"title\">The Kooples<\/div><div class=\"subtitle\"><span class=\"tag\">Women<\/span><span class=\"season\">SS18<\/span><\/div><\/div><\/a><a class=\"project-item\" href=\"https:\/\/www.studiocyme.com\/en\/projet\/garnier-thiebaut\/\" title=\"Voir\"><div class=\"view\"><\/div><div class=\"project-img\"><img loading=\"lazy\" decoding=\"async\" width=\"300\" height=\"300\" src=\"https:\/\/www.studiocyme.com\/wp-content\/uploads\/2023\/04\/housse-de-couette-panama-noir-300x300.jpg\" class=\"attachment-cyme-list size-cyme-list\" alt=\"\" srcset=\"https:\/\/www.studiocyme.com\/wp-content\/uploads\/2023\/04\/housse-de-couette-panama-noir-300x300.jpg 300w, https:\/\/www.studiocyme.com\/wp-content\/uploads\/2023\/04\/housse-de-couette-panama-noir-150x150.jpg 150w, https:\/\/www.studiocyme.com\/wp-content\/uploads\/2023\/04\/housse-de-couette-panama-noir-768x768.jpg 768w, https:\/\/www.studiocyme.com\/wp-content\/uploads\/2023\/04\/housse-de-couette-panama-noir.jpg 1000w\" sizes=\"auto, (max-width: 300px) 100vw, 300px\" \/><\/div><div class=\"infos\"><div class=\"title\">Garnier Thiebaut<\/div><div class=\"subtitle\"><span class=\"tag\">Home<\/span><span class=\"season\">SS18<\/span><\/div><\/div><\/a><\/div>\n<\/div>","protected":false},"excerpt":{"rendered":"<p>Notre studio de design textile et surface vous accompagne cr\u00e9ativement dans le d\u00e9veloppement de vos collections. Nous intervenons de l&#8217;\u00e9tape de recherches tendances \u00e0 la cr\u00e9ation de collections compl\u00e8tes d&#8217;imprim\u00e9s jusqu&#8217;au suivi de production. Nous apportons une touche unique \u00e0 vos produits via la cr\u00e9ation de motifs personnalis\u00e9s et adapt\u00e9s \u00e0 vos besoins. Depuis 2015, [&hellip;]<\/p>","protected":false},"author":1,"featured_media":0,"parent":274,"menu_order":0,"comment_status":"closed","ping_status":"closed","template":"cyme-portfolio","meta":{"_acf_changed":false,"footnotes":""},"class_list":["post-276","page","type-page","status-publish","hentry"],"acf":[],"yoast_head":"<!-- This site is optimized with the Yoast SEO plugin v20.8 - https:\/\/yoast.com\/wordpress\/plugins\/seo\/ -->\n<title>Sur mesure - Studio Cym\u00e9<\/title>\n<meta name=\"description\" content=\"Nous dessinons vos imprim\u00e9s sur mesure, d&#039;apr\u00e8s un storytelling ou un brief donn\u00e9. Vos imprim\u00e9s sont uniques et s&#039;int\u00e8grent parfaitement \u00e0 l&#039;ADN de votre marque et de votre collection.\" \/>\n<meta name=\"robots\" content=\"index, follow, max-snippet:-1, max-image-preview:large, max-video-preview:-1\" \/>\n<link rel=\"canonical\" href=\"https:\/\/www.studiocyme.com\/en\/portfolio\/studio\/\" \/>\n<meta property=\"og:locale\" content=\"en_GB\" \/>\n<meta property=\"og:type\" content=\"article\" \/>\n<meta property=\"og:title\" content=\"Sur mesure - Studio Cym\u00e9\" \/>\n<meta property=\"og:description\" content=\"Nous dessinons vos imprim\u00e9s sur mesure, d&#039;apr\u00e8s un storytelling ou un brief donn\u00e9. Vos imprim\u00e9s sont uniques et s&#039;int\u00e8grent parfaitement \u00e0 l&#039;ADN de votre marque et de votre collection.\" \/>\n<meta property=\"og:url\" content=\"https:\/\/www.studiocyme.com\/en\/portfolio\/studio\/\" \/>\n<meta property=\"og:site_name\" content=\"Studio Cym\u00e9\" \/>\n<meta property=\"article:modified_time\" content=\"2026-01-12T09:53:17+00:00\" \/>\n<meta name=\"twitter:card\" content=\"summary_large_image\" \/>\n<script type=\"application\/ld+json\" class=\"yoast-schema-graph\">{\"@context\":\"https:\/\/schema.org\",\"@graph\":[{\"@type\":\"WebPage\",\"@id\":\"https:\/\/www.studiocyme.com\/portfolio\/studio\/\",\"url\":\"https:\/\/www.studiocyme.com\/portfolio\/studio\/\",\"name\":\"Sur mesure - Studio Cym\u00e9\",\"isPartOf\":{\"@id\":\"https:\/\/www.studiocyme.com\/#website\"},\"datePublished\":\"2023-04-20T09:12:22+00:00\",\"dateModified\":\"2026-01-12T09:53:17+00:00\",\"description\":\"Nous dessinons vos imprim\u00e9s sur mesure, d'apr\u00e8s un storytelling ou un brief donn\u00e9. Vos imprim\u00e9s sont uniques et s'int\u00e8grent parfaitement \u00e0 l'ADN de votre marque et de votre collection.\",\"breadcrumb\":{\"@id\":\"https:\/\/www.studiocyme.com\/portfolio\/studio\/#breadcrumb\"},\"inLanguage\":\"en-GB\",\"potentialAction\":[{\"@type\":\"ReadAction\",\"target\":[\"https:\/\/www.studiocyme.com\/portfolio\/studio\/\"]}]},{\"@type\":\"BreadcrumbList\",\"@id\":\"https:\/\/www.studiocyme.com\/portfolio\/studio\/#breadcrumb\",\"itemListElement\":[{\"@type\":\"ListItem\",\"position\":1,\"name\":\"Accueil\",\"item\":\"https:\/\/www.studiocyme.com\/\"},{\"@type\":\"ListItem\",\"position\":2,\"name\":\"Portfolio\",\"item\":\"https:\/\/www.studiocyme.com\/portfolio\/\"},{\"@type\":\"ListItem\",\"position\":3,\"name\":\"Sur mesure\"}]},{\"@type\":\"WebSite\",\"@id\":\"https:\/\/www.studiocyme.com\/#website\",\"url\":\"https:\/\/www.studiocyme.com\/\",\"name\":\"Studio Cym\u00e9\",\"description\":\"Le Studio de design textile et surface qui inspire vos collections\",\"potentialAction\":[{\"@type\":\"SearchAction\",\"target\":{\"@type\":\"EntryPoint\",\"urlTemplate\":\"https:\/\/www.studiocyme.com\/?s={search_term_string}\"},\"query-input\":\"required name=search_term_string\"}],\"inLanguage\":\"en-GB\"}]}<\/script>\n<!-- \/ Yoast SEO plugin. -->","yoast_head_json":{"title":"Sur mesure - Studio Cym\u00e9","description":"Nous dessinons vos imprim\u00e9s sur mesure, d'apr\u00e8s un storytelling ou un brief donn\u00e9. Vos imprim\u00e9s sont uniques et s'int\u00e8grent parfaitement \u00e0 l'ADN de votre marque et de votre collection.","robots":{"index":"index","follow":"follow","max-snippet":"max-snippet:-1","max-image-preview":"max-image-preview:large","max-video-preview":"max-video-preview:-1"},"canonical":"https:\/\/www.studiocyme.com\/en\/portfolio\/studio\/","og_locale":"en_GB","og_type":"article","og_title":"Sur mesure - Studio Cym\u00e9","og_description":"Nous dessinons vos imprim\u00e9s sur mesure, d'apr\u00e8s un storytelling ou un brief donn\u00e9. Vos imprim\u00e9s sont uniques et s'int\u00e8grent parfaitement \u00e0 l'ADN de votre marque et de votre collection.","og_url":"https:\/\/www.studiocyme.com\/en\/portfolio\/studio\/","og_site_name":"Studio Cym\u00e9","article_modified_time":"2026-01-12T09:53:17+00:00","twitter_card":"summary_large_image","schema":{"@context":"https:\/\/schema.org","@graph":[{"@type":"WebPage","@id":"https:\/\/www.studiocyme.com\/portfolio\/studio\/","url":"https:\/\/www.studiocyme.com\/portfolio\/studio\/","name":"Sur mesure - Studio Cym\u00e9","isPartOf":{"@id":"https:\/\/www.studiocyme.com\/#website"},"datePublished":"2023-04-20T09:12:22+00:00","dateModified":"2026-01-12T09:53:17+00:00","description":"Nous dessinons vos imprim\u00e9s sur mesure, d'apr\u00e8s un storytelling ou un brief donn\u00e9. Vos imprim\u00e9s sont uniques et s'int\u00e8grent parfaitement \u00e0 l'ADN de votre marque et de votre collection.","breadcrumb":{"@id":"https:\/\/www.studiocyme.com\/portfolio\/studio\/#breadcrumb"},"inLanguage":"en-GB","potentialAction":[{"@type":"ReadAction","target":["https:\/\/www.studiocyme.com\/portfolio\/studio\/"]}]},{"@type":"BreadcrumbList","@id":"https:\/\/www.studiocyme.com\/portfolio\/studio\/#breadcrumb","itemListElement":[{"@type":"ListItem","position":1,"name":"Accueil","item":"https:\/\/www.studiocyme.com\/"},{"@type":"ListItem","position":2,"name":"Portfolio","item":"https:\/\/www.studiocyme.com\/portfolio\/"},{"@type":"ListItem","position":3,"name":"Sur mesure"}]},{"@type":"WebSite","@id":"https:\/\/www.studiocyme.com\/#website","url":"https:\/\/www.studiocyme.com\/","name":"Studio Cym\u00e9","description":"Le Studio de design textile et surface qui inspire vos collections","potentialAction":[{"@type":"SearchAction","target":{"@type":"EntryPoint","urlTemplate":"https:\/\/www.studiocyme.com\/?s={search_term_string}"},"query-input":"required name=search_term_string"}],"inLanguage":"en-GB"}]}},"_links":{"self":[{"href":"https:\/\/www.studiocyme.com\/en\/wp-json\/wp\/v2\/pages\/276","targetHints":{"allow":["GET"]}}],"collection":[{"href":"https:\/\/www.studiocyme.com\/en\/wp-json\/wp\/v2\/pages"}],"about":[{"href":"https:\/\/www.studiocyme.com\/en\/wp-json\/wp\/v2\/types\/page"}],"author":[{"embeddable":true,"href":"https:\/\/www.studiocyme.com\/en\/wp-json\/wp\/v2\/users\/1"}],"replies":[{"embeddable":true,"href":"https:\/\/www.studiocyme.com\/en\/wp-json\/wp\/v2\/comments?post=276"}],"version-history":[{"count":8,"href":"https:\/\/www.studiocyme.com\/en\/wp-json\/wp\/v2\/pages\/276\/revisions"}],"predecessor-version":[{"id":1239,"href":"https:\/\/www.studiocyme.com\/en\/wp-json\/wp\/v2\/pages\/276\/revisions\/1239"}],"up":[{"embeddable":true,"href":"https:\/\/www.studiocyme.com\/en\/wp-json\/wp\/v2\/pages\/274"}],"wp:attachment":[{"href":"https:\/\/www.studiocyme.com\/en\/wp-json\/wp\/v2\/media?parent=276"}],"curies":[{"name":"wp","href":"https:\/\/api.w.org\/{rel}","templated":true}]}}